{"id":5366,"date":"2022-03-22T14:36:24","date_gmt":"2022-03-22T13:36:24","guid":{"rendered":"https:\/\/energiesharmony.com\/?page_id=5366"},"modified":"2022-03-30T13:31:29","modified_gmt":"2022-03-30T11:31:29","slug":"atelier-a-la-demande","status":"publish","type":"page","link":"https:\/\/energiesharmony.com\/index.php\/atelier-a-la-demande\/","title":{"rendered":"Atelier \u00e0 la demande"},"content":{"rendered":"<div id=\"pl-5366\"  class=\"panel-layout\" ><div id=\"pg-5366-0\"  class=\"panel-grid panel-no-style\" ><div id=\"pgc-5366-0-0\"  class=\"panel-grid-cell\" ><div id=\"panel-5366-0-0-0\" class=\"so-panel widget widget_themegrill_flash_image tg-widget tg-image-widget panel-first-child panel-last-child\" data-index=\"0\" >\t<img src=\"https:\/\/energiesharmony.com\/wp-content\/uploads\/2022\/03\/collectivite\u0301_energie_se\u0301re\u0301nite\u0301.png\" \/>\n<\/div><\/div><div id=\"pgc-5366-0-1\"  class=\"panel-grid-cell\" ><div id=\"panel-5366-0-1-0\" class=\"so-panel widget widget_themegrill_flash_heading tg-widget section-title-wrapper panel-first-child\" data-index=\"1\" >\t<h3 class=\"section-title\">Interventions sur demande<\/h3>\n<\/div><div id=\"panel-5366-0-1-1\" class=\"so-panel widget widget_themegrill_flash_service tg-widget tg-single-service panel-last-child\" data-index=\"2\" >\n<div class=\"tg-service-widget tg-service-layout-1\">\n\t<div class=\"service-wrapper\">\n\t\t<div class=\"service-icon-title-wrapper clearfix\">\n\t\t\t\t\t\t\t\t\t\t\t<\/div>\n\t\t\t\t<div class=\"service-content-wrap\">Ateliers bien-\u00eatre ou performance dans le cadre de la qualit\u00e9 de vie au travail ou dans toute autre collectivit\u00e9<\/div>\n\t\t\t\t\t<\/div>\n<\/div>\n<\/div><\/div><\/div><div id=\"pg-5366-1\"  class=\"panel-grid panel-has-style\" ><div class=\"panel-row-style panel-row-style-for-5366-1\" ><div id=\"pgc-5366-1-0\"  class=\"panel-grid-cell panel-grid-cell-empty\" ><\/div><div id=\"pgc-5366-1-1\"  class=\"panel-grid-cell\" ><div id=\"panel-5366-1-1-0\" class=\"so-panel widget widget_themegrill_flash_image tg-widget tg-image-widget panel-first-child panel-last-child\" data-index=\"3\" >\t<a href=\"https:\/\/energiesharmony.com\/index.php\/collectivites\/\"><img src=\"https:\/\/energiesharmony.com\/wp-content\/uploads\/2022\/03\/picto_collectivits.png\" \/><\/a>\n<\/div><\/div><div id=\"pgc-5366-1-2\"  class=\"panel-grid-cell panel-grid-cell-empty\" ><\/div><div id=\"pgc-5366-1-3\"  class=\"panel-grid-cell\" ><div id=\"panel-5366-1-3-0\" class=\"so-panel widget widget_themegrill_flash_image tg-widget tg-image-widget panel-first-child panel-last-child\" data-index=\"4\" >\t<a href=\"https:\/\/energiesharmony.com\/index.php\/entreprises\/\"><img src=\"https:\/\/energiesharmony.com\/wp-content\/uploads\/2022\/03\/picto_entreprise.png\" \/><\/a>\n<\/div><\/div><div id=\"pgc-5366-1-4\"  class=\"panel-grid-cell panel-grid-cell-empty\" ><\/div><div id=\"pgc-5366-1-5\"  class=\"panel-grid-cell panel-grid-cell-mobile-last\" ><div id=\"panel-5366-1-5-0\" class=\"so-panel widget widget_themegrill_flash_image tg-widget tg-image-widget panel-first-child panel-last-child\" data-index=\"5\" >\t<a href=\"https:\/\/energiesharmony.com\/index.php\/stage-equitation\/\"><img src=\"https:\/\/energiesharmony.com\/wp-content\/uploads\/2022\/03\/Picto-stage-equitation-1.png\" \/><\/a>\n<\/div><\/div><div id=\"pgc-5366-1-6\"  class=\"panel-grid-cell panel-grid-cell-empty\" ><\/div><\/div><\/div><div id=\"pg-5366-2\"  class=\"panel-grid panel-has-style\" ><div class=\"panel-row-style panel-row-style-for-5366-2\" ><div id=\"pgc-5366-2-0\"  class=\"panel-grid-cell panel-grid-cell-empty\" ><\/div><div id=\"pgc-5366-2-1\"  class=\"panel-grid-cell\" ><div id=\"panel-5366-2-1-0\" class=\"so-panel widget widget_themegrill_flash_service tg-widget tg-single-service panel-first-child panel-last-child\" data-index=\"6\" ><div class=\"panel-widget-style panel-widget-style-for-5366-2-1-0\" >\n<div class=\"tg-service-widget tg-service-layout-1\">\n\t<div class=\"service-wrapper\">\n\t\t<div class=\"service-icon-title-wrapper clearfix\">\n\t\t\t\t\t\t\t\t\t\t\t<\/div>\n\t\t\t\t\t\t<a class=\"service-more\" href=\"https:\/\/energiesharmony.com\/index.php\/collectivites\/\">Collectivit\u00e9s<\/a>\n\t\t\t<\/div>\n<\/div>\n<\/div><\/div><\/div><div id=\"pgc-5366-2-2\"  class=\"panel-grid-cell panel-grid-cell-empty\" ><\/div><div id=\"pgc-5366-2-3\"  class=\"panel-grid-cell\" ><div id=\"panel-5366-2-3-0\" class=\"so-panel widget widget_themegrill_flash_service tg-widget tg-single-service panel-first-child panel-last-child\" data-index=\"7\" ><div class=\"panel-widget-style panel-widget-style-for-5366-2-3-0\" >\n<div class=\"tg-service-widget tg-service-layout-1\">\n\t<div class=\"service-wrapper\">\n\t\t<div class=\"service-icon-title-wrapper clearfix\">\n\t\t\t\t\t\t\t\t\t\t\t<\/div>\n\t\t\t\t\t\t<a class=\"service-more\" href=\"https:\/\/energiesharmony.com\/index.php\/entreprises\/\">Entreprises<\/a>\n\t\t\t<\/div>\n<\/div>\n<\/div><\/div><\/div><div id=\"pgc-5366-2-4\"  class=\"panel-grid-cell panel-grid-cell-empty\" ><\/div><div id=\"pgc-5366-2-5\"  class=\"panel-grid-cell panel-grid-cell-mobile-last\" ><div id=\"panel-5366-2-5-0\" class=\"so-panel widget widget_themegrill_flash_service tg-widget tg-single-service panel-first-child panel-last-child\" data-index=\"8\" ><div class=\"panel-widget-style panel-widget-style-for-5366-2-5-0\" >\n<div class=\"tg-service-widget tg-service-layout-1\">\n\t<div class=\"service-wrapper\">\n\t\t<div class=\"service-icon-title-wrapper clearfix\">\n\t\t\t\t\t\t\t\t\t\t\t<\/div>\n\t\t\t\t\t\t<a class=\"service-more\" href=\"https:\/\/energiesharmony.com\/index.php\/stage-equitation\/\">Stage \u00c9quitation<\/a>\n\t\t\t<\/div>\n<\/div>\n<\/div><\/div><\/div><div id=\"pgc-5366-2-6\"  class=\"panel-grid-cell panel-grid-cell-empty\" ><\/div><\/div><\/div><div id=\"pg-5366-3\"  class=\"panel-grid panel-no-style\" ><div id=\"pgc-5366-3-0\"  class=\"panel-grid-cell panel-grid-cell-empty\" ><\/div><div id=\"pgc-5366-3-1\"  class=\"panel-grid-cell panel-grid-cell-mobile-last\" ><div id=\"panel-5366-3-1-0\" class=\"so-panel widget widget_themegrill_flash_image tg-widget tg-image-widget panel-first-child panel-last-child\" data-index=\"9\" >\t<img src=\"https:\/\/energiesharmony.com\/wp-content\/uploads\/2022\/03\/ligne-dateliers.jpg\" \/>\n<\/div><\/div><div id=\"pgc-5366-3-2\"  class=\"panel-grid-cell panel-grid-cell-empty\" ><\/div><\/div><div id=\"pg-5366-4\"  class=\"panel-grid panel-no-style\" ><div id=\"pgc-5366-4-0\"  class=\"panel-grid-cell\" ><div id=\"panel-5366-4-0-0\" class=\"so-panel widget widget_themegrill_flash_heading tg-widget section-title-wrapper panel-first-child\" data-index=\"10\" >\t<div class=\"section-description\">Mon objectif \u00e0 travers ses ateliers est d&#039;apporter les cl\u00e9s de mieux-\u00eatre et d&#039;\u00e9panouissement aux plus grands nombres.<\/div>\n<\/div><div id=\"panel-5366-4-0-1\" class=\"so-panel widget widget_themegrill_flash_heading tg-widget section-title-wrapper panel-last-child\" data-index=\"11\" >\t<div class=\"section-description\">N&#039;h\u00e9sitez pas \u00e0 me consulter pour tout renseignement ou formule.<\/div>\n<\/div><\/div><\/div><div id=\"pg-5366-5\"  class=\"panel-grid panel-no-style\" ><div id=\"pgc-5366-5-0\"  class=\"panel-grid-cell panel-grid-cell-empty\" ><\/div><div id=\"pgc-5366-5-1\"  class=\"panel-grid-cell panel-grid-cell-mobile-last\" ><div id=\"panel-5366-5-1-0\" class=\"so-panel widget widget_themegrill_flash_image tg-widget tg-image-widget panel-first-child panel-last-child\" data-index=\"12\" >\t<img src=\"https:\/\/energiesharmony.com\/wp-content\/uploads\/2022\/02\/Home_page_de\u0301tente_se\u0301re\u0301nite\u0301.png\" \/>\n<\/div><\/div><div id=\"pgc-5366-5-2\"  class=\"panel-grid-cell panel-grid-cell-empty\" ><\/div><\/div><\/div>","protected":false},"excerpt":{"rendered":"<p>Interventions sur demande Ateliers bien-\u00eatre ou performance dans le cadre de la qualit\u00e9 de vie au travail ou dans toute [&hellip;]<\/p>\n","protected":false},"author":1,"featured_media":0,"parent":0,"menu_order":0,"comment_status":"closed","ping_status":"closed","template":"page-templates\/pagebuilder.php","meta":{"_mi_skip_tracking":false},"yoast_head":"<!-- This site is optimized with the Yoast SEO plugin v19.11 - https:\/\/yoast.com\/wordpress\/plugins\/seo\/ -->\n<title>Atelier \u00e0 la demande - Energies&#039;Harmony<\/title>\n<meta name=\"description\" content=\"Bien-\u00eatre et qualit\u00e9 de vie au travail, ateliers d\u00e9couverte m\u00e9ditation et luminoth\u00e9rapie relaxation pour entreprises et collectivit\u00e9s\" \/>\n<meta name=\"robots\" content=\"index, follow, max-snippet:-1, max-image-preview:large, max-video-preview:-1\" \/>\n<link rel=\"canonical\" href=\"https:\/\/energiesharmony.com\/index.php\/atelier-a-la-demande\/\" \/>\n<meta property=\"og:locale\" content=\"fr_FR\" \/>\n<meta property=\"og:type\" content=\"article\" \/>\n<meta property=\"og:title\" content=\"Atelier \u00e0 la demande - Energies&#039;Harmony\" \/>\n<meta property=\"og:description\" content=\"Bien-\u00eatre et qualit\u00e9 de vie au travail, ateliers d\u00e9couverte m\u00e9ditation et luminoth\u00e9rapie relaxation pour entreprises et collectivit\u00e9s\" \/>\n<meta property=\"og:url\" content=\"https:\/\/energiesharmony.com\/index.php\/atelier-a-la-demande\/\" \/>\n<meta property=\"og:site_name\" content=\"Energies&#039;Harmony\" \/>\n<meta property=\"article:modified_time\" content=\"2022-03-30T11:31:29+00:00\" \/>\n<meta name=\"twitter:card\" content=\"summary_large_image\" \/>\n<meta name=\"twitter:label1\" content=\"Dur\u00e9e de lecture estim\u00e9e\" \/>\n\t<meta name=\"twitter:data1\" content=\"1 minute\" \/>\n<script type=\"application\/ld+json\" class=\"yoast-schema-graph\">{\"@context\":\"https:\/\/schema.org\",\"@graph\":[{\"@type\":\"WebPage\",\"@id\":\"https:\/\/energiesharmony.com\/index.php\/atelier-a-la-demande\/\",\"url\":\"https:\/\/energiesharmony.com\/index.php\/atelier-a-la-demande\/\",\"name\":\"Atelier \u00e0 la demande - Energies&#039;Harmony\",\"isPartOf\":{\"@id\":\"https:\/\/energiesharmony.com\/#website\"},\"datePublished\":\"2022-03-22T13:36:24+00:00\",\"dateModified\":\"2022-03-30T11:31:29+00:00\",\"description\":\"Bien-\u00eatre et qualit\u00e9 de vie au travail, ateliers d\u00e9couverte m\u00e9ditation et luminoth\u00e9rapie relaxation pour entreprises et collectivit\u00e9s\",\"breadcrumb\":{\"@id\":\"https:\/\/energiesharmony.com\/index.php\/atelier-a-la-demande\/#breadcrumb\"},\"inLanguage\":\"fr-FR\",\"potentialAction\":[{\"@type\":\"ReadAction\",\"target\":[\"https:\/\/energiesharmony.com\/index.php\/atelier-a-la-demande\/\"]}]},{\"@type\":\"BreadcrumbList\",\"@id\":\"https:\/\/energiesharmony.com\/index.php\/atelier-a-la-demande\/#breadcrumb\",\"itemListElement\":[{\"@type\":\"ListItem\",\"position\":1,\"name\":\"Accueil\",\"item\":\"https:\/\/energiesharmony.com\/\"},{\"@type\":\"ListItem\",\"position\":2,\"name\":\"Atelier \u00e0 la demande\"}]},{\"@type\":\"WebSite\",\"@id\":\"https:\/\/energiesharmony.com\/#website\",\"url\":\"https:\/\/energiesharmony.com\/\",\"name\":\"Energies&#039;Harmony\",\"description\":\"Relaxation, \u00e9nergie et mieux-\u00eatre pour tous\",\"publisher\":{\"@id\":\"https:\/\/energiesharmony.com\/#organization\"},\"potentialAction\":[{\"@type\":\"SearchAction\",\"target\":{\"@type\":\"EntryPoint\",\"urlTemplate\":\"https:\/\/energiesharmony.com\/?s={search_term_string}\"},\"query-input\":\"required name=search_term_string\"}],\"inLanguage\":\"fr-FR\"},{\"@type\":\"Organization\",\"@id\":\"https:\/\/energiesharmony.com\/#organization\",\"name\":\"Energies&#039;Harmony\",\"url\":\"https:\/\/energiesharmony.com\/\",\"logo\":{\"@type\":\"ImageObject\",\"inLanguage\":\"fr-FR\",\"@id\":\"https:\/\/energiesharmony.com\/#\/schema\/logo\/image\/\",\"url\":\"https:\/\/energiesharmony.com\/wp-content\/uploads\/2019\/04\/cropped-cropped-RECTIFICATIF-centre-titre-orange-normal-Energies-harmonie-main-fleur-abaisses-trait-degrade-182-pixel-pouce-612x11-cm-ecriture-normal.png\",\"contentUrl\":\"https:\/\/energiesharmony.com\/wp-content\/uploads\/2019\/04\/cropped-cropped-RECTIFICATIF-centre-titre-orange-normal-Energies-harmonie-main-fleur-abaisses-trait-degrade-182-pixel-pouce-612x11-cm-ecriture-normal.png\",\"width\":518,\"height\":79,\"caption\":\"Energies&#039;Harmony\"},\"image\":{\"@id\":\"https:\/\/energiesharmony.com\/#\/schema\/logo\/image\/\"}}]}<\/script>\n<!-- \/ Yoast SEO plugin. -->","yoast_head_json":{"title":"Atelier \u00e0 la demande - Energies&#039;Harmony","description":"Bien-\u00eatre et qualit\u00e9 de vie au travail, ateliers d\u00e9couverte m\u00e9ditation et luminoth\u00e9rapie relaxation pour entreprises et collectivit\u00e9s","robots":{"index":"index","follow":"follow","max-snippet":"max-snippet:-1","max-image-preview":"max-image-preview:large","max-video-preview":"max-video-preview:-1"},"canonical":"https:\/\/energiesharmony.com\/index.php\/atelier-a-la-demande\/","og_locale":"fr_FR","og_type":"article","og_title":"Atelier \u00e0 la demande - Energies&#039;Harmony","og_description":"Bien-\u00eatre et qualit\u00e9 de vie au travail, ateliers d\u00e9couverte m\u00e9ditation et luminoth\u00e9rapie relaxation pour entreprises et collectivit\u00e9s","og_url":"https:\/\/energiesharmony.com\/index.php\/atelier-a-la-demande\/","og_site_name":"Energies&#039;Harmony","article_modified_time":"2022-03-30T11:31:29+00:00","twitter_card":"summary_large_image","twitter_misc":{"Dur\u00e9e de lecture estim\u00e9e":"1 minute"},"schema":{"@context":"https:\/\/schema.org","@graph":[{"@type":"WebPage","@id":"https:\/\/energiesharmony.com\/index.php\/atelier-a-la-demande\/","url":"https:\/\/energiesharmony.com\/index.php\/atelier-a-la-demande\/","name":"Atelier \u00e0 la demande - Energies&#039;Harmony","isPartOf":{"@id":"https:\/\/energiesharmony.com\/#website"},"datePublished":"2022-03-22T13:36:24+00:00","dateModified":"2022-03-30T11:31:29+00:00","description":"Bien-\u00eatre et qualit\u00e9 de vie au travail, ateliers d\u00e9couverte m\u00e9ditation et luminoth\u00e9rapie relaxation pour entreprises et collectivit\u00e9s","breadcrumb":{"@id":"https:\/\/energiesharmony.com\/index.php\/atelier-a-la-demande\/#breadcrumb"},"inLanguage":"fr-FR","potentialAction":[{"@type":"ReadAction","target":["https:\/\/energiesharmony.com\/index.php\/atelier-a-la-demande\/"]}]},{"@type":"BreadcrumbList","@id":"https:\/\/energiesharmony.com\/index.php\/atelier-a-la-demande\/#breadcrumb","itemListElement":[{"@type":"ListItem","position":1,"name":"Accueil","item":"https:\/\/energiesharmony.com\/"},{"@type":"ListItem","position":2,"name":"Atelier \u00e0 la demande"}]},{"@type":"WebSite","@id":"https:\/\/energiesharmony.com\/#website","url":"https:\/\/energiesharmony.com\/","name":"Energies&#039;Harmony","description":"Relaxation, \u00e9nergie et mieux-\u00eatre pour tous","publisher":{"@id":"https:\/\/energiesharmony.com\/#organization"},"potentialAction":[{"@type":"SearchAction","target":{"@type":"EntryPoint","urlTemplate":"https:\/\/energiesharmony.com\/?s={search_term_string}"},"query-input":"required name=search_term_string"}],"inLanguage":"fr-FR"},{"@type":"Organization","@id":"https:\/\/energiesharmony.com\/#organization","name":"Energies&#039;Harmony","url":"https:\/\/energiesharmony.com\/","logo":{"@type":"ImageObject","inLanguage":"fr-FR","@id":"https:\/\/energiesharmony.com\/#\/schema\/logo\/image\/","url":"https:\/\/energiesharmony.com\/wp-content\/uploads\/2019\/04\/cropped-cropped-RECTIFICATIF-centre-titre-orange-normal-Energies-harmonie-main-fleur-abaisses-trait-degrade-182-pixel-pouce-612x11-cm-ecriture-normal.png","contentUrl":"https:\/\/energiesharmony.com\/wp-content\/uploads\/2019\/04\/cropped-cropped-RECTIFICATIF-centre-titre-orange-normal-Energies-harmonie-main-fleur-abaisses-trait-degrade-182-pixel-pouce-612x11-cm-ecriture-normal.png","width":518,"height":79,"caption":"Energies&#039;Harmony"},"image":{"@id":"https:\/\/energiesharmony.com\/#\/schema\/logo\/image\/"}}]}},"_links":{"self":[{"href":"https:\/\/energiesharmony.com\/index.php\/wp-json\/wp\/v2\/pages\/5366"}],"collection":[{"href":"https:\/\/energiesharmony.com\/index.php\/wp-json\/wp\/v2\/pages"}],"about":[{"href":"https:\/\/energiesharmony.com\/index.php\/wp-json\/wp\/v2\/types\/page"}],"author":[{"embeddable":true,"href":"https:\/\/energiesharmony.com\/index.php\/wp-json\/wp\/v2\/users\/1"}],"replies":[{"embeddable":true,"href":"https:\/\/energiesharmony.com\/index.php\/wp-json\/wp\/v2\/comments?post=5366"}],"version-history":[{"count":39,"href":"https:\/\/energiesharmony.com\/index.php\/wp-json\/wp\/v2\/pages\/5366\/revisions"}],"predecessor-version":[{"id":6280,"href":"https:\/\/energiesharmony.com\/index.php\/wp-json\/wp\/v2\/pages\/5366\/revisions\/6280"}],"wp:attachment":[{"href":"https:\/\/energiesharmony.com\/index.php\/wp-json\/wp\/v2\/media?parent=5366"}],"curies":[{"name":"wp","href":"https:\/\/api.w.org\/{rel}","templated":true}]}}