{"id":4521,"date":"2022-03-11T12:52:45","date_gmt":"2022-03-11T11:52:45","guid":{"rendered":"https:\/\/energiesharmony.com\/?page_id=4521"},"modified":"2022-12-09T15:43:23","modified_gmt":"2022-12-09T14:43:23","slug":"developpement-personnel","status":"publish","type":"page","link":"https:\/\/energiesharmony.com\/index.php\/developpement-personnel\/","title":{"rendered":"D\u00e9veloppement Personnel"},"content":{"rendered":"<div id=\"pl-4521\"  class=\"panel-layout\" ><div id=\"pg-4521-0\"  class=\"panel-grid panel-no-style\" ><div id=\"pgc-4521-0-0\"  class=\"panel-grid-cell\" ><div id=\"panel-4521-0-0-0\" class=\"so-panel widget widget_themegrill_flash_image tg-widget tg-image-widget panel-first-child panel-last-child\" data-index=\"0\" >\t<img src=\"https:\/\/energiesharmony.com\/wp-content\/uploads\/2022\/03\/picto_developpement_personnel_energies_harmony.jpg\" \/>\n<\/div><\/div><div id=\"pgc-4521-0-1\"  class=\"panel-grid-cell\" ><div id=\"panel-4521-0-1-0\" class=\"so-panel widget widget_themegrill_flash_heading tg-widget section-title-wrapper panel-first-child panel-last-child\" data-index=\"1\" >\t<h3 class=\"section-title\">Ateliers d\u00e9veloppement personnel, bien-\u00eatre et \u00e9panouissement<\/h3>\n\t<div class=\"section-description\">Progresser vers une meilleure version de soi-m\u00eame est un de mes moteurs principaux, aussi, j\u2019ai \u00e0 coeur de d\u2019aider chacun \u00e0 grandir et se sentir mieux avec soi-m\u00eame, dans ses relations et dans sa vie en g\u00e9n\u00e9ral<\/div>\n<\/div><\/div><\/div><div id=\"pg-4521-1\"  class=\"panel-grid panel-no-style\" ><div id=\"pgc-4521-1-0\"  class=\"panel-grid-cell\" ><div id=\"panel-4521-1-0-0\" class=\"so-panel widget widget_themegrill_flash_service tg-widget tg-single-service panel-first-child panel-last-child\" data-index=\"2\" >\n<div class=\"tg-service-widget tg-service-layout-1\">\n\t<div class=\"service-wrapper\">\n\t\t<div class=\"service-icon-title-wrapper clearfix\">\n\t\t\t\t\t\t\t\t\t\t\t\t<h3 class=\"service-title-wrap\">\n\t\t\t\tJe propose diff\u00e9rents th\u00e8mes\t\t\t\t\t\t\t<\/h3>\n\t\t\t\t\t<\/div>\n\t\t\t\t\t<\/div>\n<\/div>\n<\/div><\/div><\/div><div id=\"pg-4521-2\"  class=\"panel-grid panel-no-style\" ><div id=\"pgc-4521-2-0\"  class=\"panel-grid-cell panel-grid-cell-empty\" ><\/div><div id=\"pgc-4521-2-1\"  class=\"panel-grid-cell panel-grid-cell-mobile-last\" ><div id=\"panel-4521-2-1-0\" class=\"so-panel widget widget_themegrill_flash_image tg-widget tg-image-widget panel-first-child panel-last-child\" data-index=\"3\" >\t<img src=\"https:\/\/energiesharmony.com\/wp-content\/uploads\/2022\/03\/De\u0301veloppement-personnel-2.png\" \/>\n<\/div><\/div><div id=\"pgc-4521-2-2\"  class=\"panel-grid-cell panel-grid-cell-empty\" ><\/div><\/div><div id=\"pg-4521-3\"  class=\"panel-grid panel-has-style\" ><div class=\"panel-row-style panel-row-style-for-4521-3\" ><div id=\"pgc-4521-3-0\"  class=\"panel-grid-cell\" ><div id=\"panel-4521-3-0-0\" class=\"so-panel widget widget_themegrill_flash_service tg-widget tg-single-service panel-first-child panel-last-child\" data-index=\"4\" >\n<div class=\"tg-service-widget tg-service-layout-1\">\n\t<div class=\"service-wrapper\">\n\t\t<div class=\"service-icon-title-wrapper clearfix\">\n\t\t\t\t\t\t\t\t\t\t\t<\/div>\n\t\t\t\t<div class=\"service-content-wrap\">Lors de ces ateliers d\u20191h \u00e0 1h30, je vous fait exp\u00e9rimenter des techniques *simples et efficaces* sur une de vos probl\u00e9matiques. \n<br><br>\nLe fait d\u2019\u00eatre en groupe permet une grande richesse car g\u00e9n\u00e9ralement les situations des uns et des autres r\u00e9sonnent et apportent un \u00e9clairage suppl\u00e9mentaire.\n<br><br>\nCes techniques peuvent pour la plupart \u00eatre utilis\u00e9es au quotidien pour <b>soutenir votre mieux \u00eatre, votre \u00e9tat d\u2019esprit, les changements que vous souhaitez apporter dans votre vie.<\/b>\n<\/div>\n\t\t\t\t\t<\/div>\n<\/div>\n<\/div><\/div><\/div><\/div><div id=\"pg-4521-4\"  class=\"panel-grid panel-no-style\" ><div id=\"pgc-4521-4-0\"  class=\"panel-grid-cell panel-grid-cell-empty\" ><\/div><div id=\"pgc-4521-4-1\"  class=\"panel-grid-cell\" ><div id=\"panel-4521-4-1-0\" class=\"so-panel widget widget_themegrill_flash_service tg-widget tg-single-service panel-first-child panel-last-child\" data-index=\"5\" ><div class=\"panel-widget-style panel-widget-style-for-4521-4-1-0\" >\n<div class=\"tg-service-widget tg-service-layout-1\">\n\t<div class=\"service-wrapper\">\n\t\t<div class=\"service-icon-title-wrapper clearfix\">\n\t\t\t\t\t\t\t\t\t\t\t<\/div>\n\t\t\t\t<div class=\"service-content-wrap\">&#160;&#160;&#160;  <font color=\"#ffffff\">    <u> Tarifs : <\/U><br>\n<font color=\"#ffffff\">\n&#160;&#160;&#160;&#160;&#160;&#160;&#160;&#160; 1h : 20\u20ac la s\u00e9ance \n<br>&#160;&#160;&#160;&#160;&#160;&#160;&#160;&#160; 2h : 35\u20ac la s\u00e9ance (charge mentale \/ \u00e9motions)\n<br>&#160;&#160;&#160;&#160;&#160;&#160;&#160;&#160;<i>+frais de d\u00e9placement si l'intervention se fait \u00e0 domicile <\/i>\n<br>\n<\/div>\n\t\t\t\t\t<\/div>\n<\/div>\n<\/div><\/div><\/div><div id=\"pgc-4521-4-2\"  class=\"panel-grid-cell panel-grid-cell-empty\" ><\/div><div id=\"pgc-4521-4-3\"  class=\"panel-grid-cell panel-grid-cell-mobile-last\" ><div id=\"panel-4521-4-3-0\" class=\"so-panel widget widget_themegrill_flash_image tg-widget tg-image-widget panel-first-child panel-last-child\" data-index=\"6\" >\t<a href=\"https:\/\/energiesharmony.com\/index.php\/agenda-ateliers\/\"><img src=\"https:\/\/energiesharmony.com\/wp-content\/uploads\/2022\/03\/Prochaines-dates-e\u0301nergiebleu-1.png\" \/><\/a>\n<\/div><\/div><div id=\"pgc-4521-4-4\"  class=\"panel-grid-cell panel-grid-cell-empty\" ><\/div><\/div><div id=\"pg-4521-5\"  class=\"panel-grid panel-no-style\" ><div id=\"pgc-4521-5-0\"  class=\"panel-grid-cell panel-grid-cell-empty\" ><\/div><div id=\"pgc-4521-5-1\"  class=\"panel-grid-cell panel-grid-cell-mobile-last\" ><div id=\"panel-4521-5-1-0\" class=\"so-panel widget widget_themegrill_flash_image tg-widget tg-image-widget panel-first-child panel-last-child\" data-index=\"7\" >\t<img src=\"https:\/\/energiesharmony.com\/wp-content\/uploads\/2022\/02\/Home_page_de\u0301tente_se\u0301re\u0301nite\u0301.png\" \/>\n<\/div><\/div><div id=\"pgc-4521-5-2\"  class=\"panel-grid-cell panel-grid-cell-empty\" ><\/div><\/div><div id=\"pg-4521-6\"  class=\"panel-grid panel-has-style\" ><div class=\"panel-row-style panel-row-style-for-4521-6\" ><div id=\"pgc-4521-6-0\"  class=\"panel-grid-cell\" ><div id=\"panel-4521-6-0-0\" class=\"so-panel widget widget_themegrill_flash_heading tg-widget section-title-wrapper panel-first-child panel-last-child\" data-index=\"8\" >\t<h3 class=\"section-title\">Nouveaux th\u00e8mes \u00e0 la demande<\/h3>\n<\/div><\/div><\/div><\/div><div id=\"pg-4521-7\"  class=\"panel-grid panel-no-style\" ><div id=\"pgc-4521-7-0\"  class=\"panel-grid-cell\" ><div id=\"panel-4521-7-0-0\" class=\"so-panel widget widget_themegrill_flash_image tg-widget tg-image-widget panel-first-child panel-last-child\" data-index=\"9\" >\t<img src=\"https:\/\/energiesharmony.com\/wp-content\/uploads\/2022\/12\/charge-mentale-3.png\" \/>\n<\/div><\/div><div id=\"pgc-4521-7-1\"  class=\"panel-grid-cell\" ><div id=\"panel-4521-7-1-0\" class=\"so-panel widget widget_themegrill_flash_image tg-widget tg-image-widget panel-first-child panel-last-child\" data-index=\"10\" >\t<img src=\"https:\/\/energiesharmony.com\/wp-content\/uploads\/2022\/12\/Gestion-des-emotions-4.png\" \/>\n<\/div><\/div><\/div><div id=\"pg-4521-8\"  class=\"panel-grid panel-no-style\" ><div id=\"pgc-4521-8-0\"  class=\"panel-grid-cell panel-grid-cell-empty\" ><\/div><div id=\"pgc-4521-8-1\"  class=\"panel-grid-cell panel-grid-cell-mobile-last\" ><div id=\"panel-4521-8-1-0\" class=\"so-panel widget widget_themegrill_flash_image tg-widget tg-image-widget panel-first-child panel-last-child\" data-index=\"11\" >\t<img src=\"https:\/\/energiesharmony.com\/wp-content\/uploads\/2022\/02\/Home_page_de\u0301tente_se\u0301re\u0301nite\u0301.png\" \/>\n<\/div><\/div><div id=\"pgc-4521-8-2\"  class=\"panel-grid-cell panel-grid-cell-empty\" ><\/div><\/div><div id=\"pg-4521-9\"  class=\"panel-grid panel-has-style\" ><div class=\"panel-row-style panel-row-style-for-4521-9\" ><div id=\"pgc-4521-9-0\"  class=\"panel-grid-cell\" ><div id=\"panel-4521-9-0-0\" class=\"so-panel widget widget_themegrill_flash_heading tg-widget section-title-wrapper panel-first-child panel-last-child\" data-index=\"12\" >\t<h3 class=\"section-title\">La yourte, un lieu propice \u00e0 l\u2019\u00e9volution personnelle<\/h3>\n<\/div><\/div><\/div><\/div><div id=\"pg-4521-10\"  class=\"panel-grid panel-no-style\" ><div id=\"pgc-4521-10-0\"  class=\"panel-grid-cell\" ><div id=\"panel-4521-10-0-0\" class=\"so-panel widget widget_themegrill_flash_image tg-widget tg-image-widget panel-first-child panel-last-child\" data-index=\"13\" >\t<img src=\"https:\/\/energiesharmony.com\/wp-content\/uploads\/2022\/03\/B10A9414-2-copie.jpg\" \/>\n<\/div><\/div><div id=\"pgc-4521-10-1\"  class=\"panel-grid-cell\" ><div id=\"panel-4521-10-1-0\" class=\"so-panel widget widget_themegrill_flash_service tg-widget tg-single-service panel-first-child panel-last-child\" data-index=\"14\" >\n<div class=\"tg-service-widget tg-service-layout-1\">\n\t<div class=\"service-wrapper\">\n\t\t<div class=\"service-icon-title-wrapper clearfix\">\n\t\t\t\t\t\t\t\t\t\t\t<\/div>\n\t\t\t\t<div class=\"service-content-wrap\">Je vous accueille dans ma yourte,  dont la g\u00e9om\u00e9trie favorise la circulation des vibrations. Cet endroit calme et agr\u00e9able est des plus propice \u00e0 la pratique en groupe: chacun contribuant et recevant du groupe. \n<br><br>\nBienveillance, Non jugement, Confidentialit\u00e9, et Respect sont les principes de participation \u00e0 ces ateliers.  \n<\/div>\n\t\t\t\t\t<\/div>\n<\/div>\n<\/div><\/div><\/div><div id=\"pg-4521-11\"  class=\"panel-grid panel-no-style\" ><div id=\"pgc-4521-11-0\"  class=\"panel-grid-cell panel-grid-cell-empty\" ><\/div><div id=\"pgc-4521-11-1\"  class=\"panel-grid-cell panel-grid-cell-mobile-last\" ><div id=\"panel-4521-11-1-0\" class=\"so-panel widget widget_themegrill_flash_image tg-widget tg-image-widget panel-first-child panel-last-child\" data-index=\"15\" >\t<img src=\"https:\/\/energiesharmony.com\/wp-content\/uploads\/2022\/02\/Home_page_de\u0301tente_se\u0301re\u0301nite\u0301.png\" \/>\n<\/div><\/div><div id=\"pgc-4521-11-2\"  class=\"panel-grid-cell panel-grid-cell-empty\" ><\/div><\/div><\/div>","protected":false},"excerpt":{"rendered":"<p>Ateliers d\u00e9veloppement personnel, bien-\u00eatre et \u00e9panouissement Progresser vers une meilleure version de soi-m\u00eame est un de mes moteurs principaux, aussi, [&hellip;]<\/p>\n","protected":false},"author":1,"featured_media":0,"parent":0,"menu_order":0,"comment_status":"closed","ping_status":"closed","template":"page-templates\/pagebuilder.php","meta":{"_mi_skip_tracking":false},"yoast_head":"<!-- This site is optimized with the Yoast SEO plugin v19.11 - https:\/\/yoast.com\/wordpress\/plugins\/seo\/ -->\n<title>D\u00e9veloppement Personnel - Energies&#039;Harmony<\/title>\n<meta name=\"robots\" content=\"index, follow, max-snippet:-1, max-image-preview:large, max-video-preview:-1\" \/>\n<link rel=\"canonical\" href=\"https:\/\/energiesharmony.com\/index.php\/developpement-personnel\/\" \/>\n<meta property=\"og:locale\" content=\"fr_FR\" \/>\n<meta property=\"og:type\" content=\"article\" \/>\n<meta property=\"og:title\" content=\"D\u00e9veloppement Personnel - Energies&#039;Harmony\" \/>\n<meta property=\"og:description\" content=\"Ateliers d\u00e9veloppement personnel, bien-\u00eatre et \u00e9panouissement Progresser vers une meilleure version de soi-m\u00eame est un de mes moteurs principaux, aussi, [&hellip;]\" \/>\n<meta property=\"og:url\" content=\"https:\/\/energiesharmony.com\/index.php\/developpement-personnel\/\" \/>\n<meta property=\"og:site_name\" content=\"Energies&#039;Harmony\" \/>\n<meta property=\"article:modified_time\" content=\"2022-12-09T14:43:23+00:00\" \/>\n<meta name=\"twitter:card\" content=\"summary_large_image\" \/>\n<meta name=\"twitter:label1\" content=\"Dur\u00e9e de lecture estim\u00e9e\" \/>\n\t<meta name=\"twitter:data1\" content=\"1 minute\" \/>\n<script type=\"application\/ld+json\" class=\"yoast-schema-graph\">{\"@context\":\"https:\/\/schema.org\",\"@graph\":[{\"@type\":\"WebPage\",\"@id\":\"https:\/\/energiesharmony.com\/index.php\/developpement-personnel\/\",\"url\":\"https:\/\/energiesharmony.com\/index.php\/developpement-personnel\/\",\"name\":\"D\u00e9veloppement Personnel - Energies&#039;Harmony\",\"isPartOf\":{\"@id\":\"https:\/\/energiesharmony.com\/#website\"},\"datePublished\":\"2022-03-11T11:52:45+00:00\",\"dateModified\":\"2022-12-09T14:43:23+00:00\",\"breadcrumb\":{\"@id\":\"https:\/\/energiesharmony.com\/index.php\/developpement-personnel\/#breadcrumb\"},\"inLanguage\":\"fr-FR\",\"potentialAction\":[{\"@type\":\"ReadAction\",\"target\":[\"https:\/\/energiesharmony.com\/index.php\/developpement-personnel\/\"]}]},{\"@type\":\"BreadcrumbList\",\"@id\":\"https:\/\/energiesharmony.com\/index.php\/developpement-personnel\/#breadcrumb\",\"itemListElement\":[{\"@type\":\"ListItem\",\"position\":1,\"name\":\"Accueil\",\"item\":\"https:\/\/energiesharmony.com\/\"},{\"@type\":\"ListItem\",\"position\":2,\"name\":\"D\u00e9veloppement Personnel\"}]},{\"@type\":\"WebSite\",\"@id\":\"https:\/\/energiesharmony.com\/#website\",\"url\":\"https:\/\/energiesharmony.com\/\",\"name\":\"Energies&#039;Harmony\",\"description\":\"Relaxation, \u00e9nergie et mieux-\u00eatre pour tous\",\"publisher\":{\"@id\":\"https:\/\/energiesharmony.com\/#organization\"},\"potentialAction\":[{\"@type\":\"SearchAction\",\"target\":{\"@type\":\"EntryPoint\",\"urlTemplate\":\"https:\/\/energiesharmony.com\/?s={search_term_string}\"},\"query-input\":\"required name=search_term_string\"}],\"inLanguage\":\"fr-FR\"},{\"@type\":\"Organization\",\"@id\":\"https:\/\/energiesharmony.com\/#organization\",\"name\":\"Energies&#039;Harmony\",\"url\":\"https:\/\/energiesharmony.com\/\",\"logo\":{\"@type\":\"ImageObject\",\"inLanguage\":\"fr-FR\",\"@id\":\"https:\/\/energiesharmony.com\/#\/schema\/logo\/image\/\",\"url\":\"https:\/\/energiesharmony.com\/wp-content\/uploads\/2019\/04\/cropped-cropped-RECTIFICATIF-centre-titre-orange-normal-Energies-harmonie-main-fleur-abaisses-trait-degrade-182-pixel-pouce-612x11-cm-ecriture-normal.png\",\"contentUrl\":\"https:\/\/energiesharmony.com\/wp-content\/uploads\/2019\/04\/cropped-cropped-RECTIFICATIF-centre-titre-orange-normal-Energies-harmonie-main-fleur-abaisses-trait-degrade-182-pixel-pouce-612x11-cm-ecriture-normal.png\",\"width\":518,\"height\":79,\"caption\":\"Energies&#039;Harmony\"},\"image\":{\"@id\":\"https:\/\/energiesharmony.com\/#\/schema\/logo\/image\/\"}}]}<\/script>\n<!-- \/ Yoast SEO plugin. -->","yoast_head_json":{"title":"D\u00e9veloppement Personnel - Energies&#039;Harmony","robots":{"index":"index","follow":"follow","max-snippet":"max-snippet:-1","max-image-preview":"max-image-preview:large","max-video-preview":"max-video-preview:-1"},"canonical":"https:\/\/energiesharmony.com\/index.php\/developpement-personnel\/","og_locale":"fr_FR","og_type":"article","og_title":"D\u00e9veloppement Personnel - Energies&#039;Harmony","og_description":"Ateliers d\u00e9veloppement personnel, bien-\u00eatre et \u00e9panouissement Progresser vers une meilleure version de soi-m\u00eame est un de mes moteurs principaux, aussi, [&hellip;]","og_url":"https:\/\/energiesharmony.com\/index.php\/developpement-personnel\/","og_site_name":"Energies&#039;Harmony","article_modified_time":"2022-12-09T14:43:23+00:00","twitter_card":"summary_large_image","twitter_misc":{"Dur\u00e9e de lecture estim\u00e9e":"1 minute"},"schema":{"@context":"https:\/\/schema.org","@graph":[{"@type":"WebPage","@id":"https:\/\/energiesharmony.com\/index.php\/developpement-personnel\/","url":"https:\/\/energiesharmony.com\/index.php\/developpement-personnel\/","name":"D\u00e9veloppement Personnel - Energies&#039;Harmony","isPartOf":{"@id":"https:\/\/energiesharmony.com\/#website"},"datePublished":"2022-03-11T11:52:45+00:00","dateModified":"2022-12-09T14:43:23+00:00","breadcrumb":{"@id":"https:\/\/energiesharmony.com\/index.php\/developpement-personnel\/#breadcrumb"},"inLanguage":"fr-FR","potentialAction":[{"@type":"ReadAction","target":["https:\/\/energiesharmony.com\/index.php\/developpement-personnel\/"]}]},{"@type":"BreadcrumbList","@id":"https:\/\/energiesharmony.com\/index.php\/developpement-personnel\/#breadcrumb","itemListElement":[{"@type":"ListItem","position":1,"name":"Accueil","item":"https:\/\/energiesharmony.com\/"},{"@type":"ListItem","position":2,"name":"D\u00e9veloppement Personnel"}]},{"@type":"WebSite","@id":"https:\/\/energiesharmony.com\/#website","url":"https:\/\/energiesharmony.com\/","name":"Energies&#039;Harmony","description":"Relaxation, \u00e9nergie et mieux-\u00eatre pour tous","publisher":{"@id":"https:\/\/energiesharmony.com\/#organization"},"potentialAction":[{"@type":"SearchAction","target":{"@type":"EntryPoint","urlTemplate":"https:\/\/energiesharmony.com\/?s={search_term_string}"},"query-input":"required name=search_term_string"}],"inLanguage":"fr-FR"},{"@type":"Organization","@id":"https:\/\/energiesharmony.com\/#organization","name":"Energies&#039;Harmony","url":"https:\/\/energiesharmony.com\/","logo":{"@type":"ImageObject","inLanguage":"fr-FR","@id":"https:\/\/energiesharmony.com\/#\/schema\/logo\/image\/","url":"https:\/\/energiesharmony.com\/wp-content\/uploads\/2019\/04\/cropped-cropped-RECTIFICATIF-centre-titre-orange-normal-Energies-harmonie-main-fleur-abaisses-trait-degrade-182-pixel-pouce-612x11-cm-ecriture-normal.png","contentUrl":"https:\/\/energiesharmony.com\/wp-content\/uploads\/2019\/04\/cropped-cropped-RECTIFICATIF-centre-titre-orange-normal-Energies-harmonie-main-fleur-abaisses-trait-degrade-182-pixel-pouce-612x11-cm-ecriture-normal.png","width":518,"height":79,"caption":"Energies&#039;Harmony"},"image":{"@id":"https:\/\/energiesharmony.com\/#\/schema\/logo\/image\/"}}]}},"_links":{"self":[{"href":"https:\/\/energiesharmony.com\/index.php\/wp-json\/wp\/v2\/pages\/4521"}],"collection":[{"href":"https:\/\/energiesharmony.com\/index.php\/wp-json\/wp\/v2\/pages"}],"about":[{"href":"https:\/\/energiesharmony.com\/index.php\/wp-json\/wp\/v2\/types\/page"}],"author":[{"embeddable":true,"href":"https:\/\/energiesharmony.com\/index.php\/wp-json\/wp\/v2\/users\/1"}],"replies":[{"embeddable":true,"href":"https:\/\/energiesharmony.com\/index.php\/wp-json\/wp\/v2\/comments?post=4521"}],"version-history":[{"count":55,"href":"https:\/\/energiesharmony.com\/index.php\/wp-json\/wp\/v2\/pages\/4521\/revisions"}],"predecessor-version":[{"id":6440,"href":"https:\/\/energiesharmony.com\/index.php\/wp-json\/wp\/v2\/pages\/4521\/revisions\/6440"}],"wp:attachment":[{"href":"https:\/\/energiesharmony.com\/index.php\/wp-json\/wp\/v2\/media?parent=4521"}],"curies":[{"name":"wp","href":"https:\/\/api.w.org\/{rel}","templated":true}]}}