{"id":3788,"date":"2022-03-02T13:06:15","date_gmt":"2022-03-02T12:06:15","guid":{"rendered":"https:\/\/energiesharmony.com\/?page_id=3788"},"modified":"2022-03-31T12:29:34","modified_gmt":"2022-03-31T10:29:34","slug":"reliance-tambour","status":"publish","type":"page","link":"https:\/\/energiesharmony.com\/index.php\/reliance-tambour\/","title":{"rendered":"Reliance &#038; tambour"},"content":{"rendered":"<div id=\"pl-3788\"  class=\"panel-layout\" ><div id=\"pg-3788-0\"  class=\"panel-grid panel-has-style\" ><div class=\"panel-row-style panel-row-style-for-3788-0\" ><div id=\"pgc-3788-0-0\"  class=\"panel-grid-cell\" ><div id=\"panel-3788-0-0-0\" class=\"so-panel widget widget_themegrill_flash_image tg-widget tg-image-widget panel-first-child panel-last-child\" data-index=\"0\" >\t<img src=\"https:\/\/energiesharmony.com\/wp-content\/uploads\/2022\/02\/picto_bien-etre_epanouissement_energies_harmony.jpg\" \/>\n<\/div><\/div><div id=\"pgc-3788-0-1\"  class=\"panel-grid-cell\" ><div id=\"panel-3788-0-1-0\" class=\"so-panel widget widget_themegrill_flash_heading tg-widget section-title-wrapper panel-first-child panel-last-child\" data-index=\"1\" >\t<h3 class=\"section-title\">Reliance &amp; Tambour<\/h3>\n\t<div class=\"section-description\">Laisser partir l&#039;ancien, accueillir le nouveau \u00e0 l&#039;aide des 4 \u00e9l\u00e9ments, se laisser porter et emmener en voyage au son du tambour chamanique... Voici ce que je vous propose \u00e0 travers ces s\u00e9ances.<\/div>\n<\/div><\/div><\/div><\/div><div id=\"pg-3788-1\"  class=\"panel-grid panel-no-style\" ><div id=\"pgc-3788-1-0\"  class=\"panel-grid-cell\" ><div id=\"panel-3788-1-0-0\" class=\"so-panel widget widget_themegrill_flash_service tg-widget tg-single-service panel-first-child panel-last-child\" data-index=\"2\" >\n<div class=\"tg-service-widget tg-service-layout-1\">\n\t<div class=\"service-wrapper\">\n\t\t<div class=\"service-icon-title-wrapper clearfix\">\n\t\t\t\t\t\t\t\t\t\t\t<\/div>\n\t\t\t\t<div class=\"service-content-wrap\">Il y a de multiples fa\u00e7ons de travailler avec les vibrations du son pour cheminer vers le bien-\u00eatre et la sant\u00e9 et les sons du tambour ont une <b>port\u00e9e th\u00e9rapeutique. <\/b>\n<br><br>\nUtilis\u00e9 de fa\u00e7on tr\u00e8s rythmique, le tambour peut vous <b>lib\u00e9rer de certaines \u00e9motions fortes <\/b>telles que la tristesse, la col\u00e8re ou la douleur. \n\n<br><br>Les ondes sonores produites par le tambour ont une <b>action \u00e9quilibrante<\/b>. Elles agissent en profondeur sur le corps et l\u2019esprit afin de r\u00e9tablir un \u00e9tat d\u2019\u00e9quilibre \u00e9nerg\u00e9tique <b>propice au bien-\u00eatre et \u00e0 la paix int\u00e9rieure. <\/b>\n\n<\/div>\n\t\t\t\t\t<\/div>\n<\/div>\n<\/div><\/div><div id=\"pgc-3788-1-1\"  class=\"panel-grid-cell\" ><div id=\"panel-3788-1-1-0\" class=\"so-panel widget widget_themegrill_flash_image tg-widget tg-image-widget panel-first-child panel-last-child\" data-index=\"3\" >\t<img src=\"https:\/\/energiesharmony.com\/wp-content\/uploads\/2022\/03\/gaelle_tambour_e\u0301nergie.jpg\" \/>\n<\/div><\/div><\/div><div id=\"pg-3788-2\"  class=\"panel-grid panel-no-style\" ><div id=\"pgc-3788-2-0\"  class=\"panel-grid-cell\" ><div id=\"panel-3788-2-0-0\" class=\"so-panel widget widget_themegrill_flash_image tg-widget tg-image-widget panel-first-child panel-last-child\" data-index=\"4\" >\t<img src=\"https:\/\/energiesharmony.com\/wp-content\/uploads\/2022\/03\/banniere-tambours.png\" \/>\n<\/div><\/div><\/div><div id=\"pg-3788-3\"  class=\"panel-grid panel-no-style\" ><div id=\"pgc-3788-3-0\"  class=\"panel-grid-cell\" ><div id=\"panel-3788-3-0-0\" class=\"so-panel widget widget_themegrill_flash_image tg-widget tg-image-widget panel-first-child panel-last-child\" data-index=\"5\" >\t<img src=\"https:\/\/energiesharmony.com\/wp-content\/uploads\/2022\/03\/Picto_tambours.png\" \/>\n<\/div><\/div><div id=\"pgc-3788-3-1\"  class=\"panel-grid-cell\" ><div id=\"panel-3788-3-1-0\" class=\"so-panel widget widget_themegrill_flash_service tg-widget tg-single-service panel-first-child panel-last-child\" data-index=\"6\" >\n<div class=\"tg-service-widget tg-service-layout-1\">\n\t<div class=\"service-wrapper\">\n\t\t<div class=\"service-icon-title-wrapper clearfix\">\n\t\t\t\t\t\t\t\t\t\t\t<\/div>\n\t\t\t\t<div class=\"service-content-wrap\">&#160;<br><br>Les vibrations du tambour nous emm\u00e8neront \u00e0 la rencontre des \u00e9l\u00e9ments en nous et autour de nous dans un voyage de reliance \u00e0 soi, \u00e0 la nature.\n\n&#160;<br><br><b>Un moment de pur ressourcement. <\/b>\n\n<\/div>\n\t\t\t\t\t<\/div>\n<\/div>\n<\/div><\/div><\/div><div id=\"pg-3788-4\"  class=\"panel-grid panel-no-style\" ><div id=\"pgc-3788-4-0\"  class=\"panel-grid-cell panel-grid-cell-empty\" ><\/div><div id=\"pgc-3788-4-1\"  class=\"panel-grid-cell\" ><div id=\"panel-3788-4-1-0\" class=\"so-panel widget widget_themegrill_flash_service tg-widget tg-single-service panel-first-child panel-last-child\" data-index=\"7\" ><div class=\"panel-widget-style panel-widget-style-for-3788-4-1-0\" >\n<div class=\"tg-service-widget tg-service-layout-1\">\n\t<div class=\"service-wrapper\">\n\t\t<div class=\"service-icon-title-wrapper clearfix\">\n\t\t\t\t\t\t\t\t\t\t\t<\/div>\n\t\t\t\t<div class=\"service-content-wrap\">&#160;&#160;&#160;  <font color=\"#ffffff\">    <u> Tarifs : <\/U><br>\n<font color=\"#ffffff\">&#160;&#160;&#160;&#160;&#160;&#160;&#160;&#160;20\u20ac par personne\n<br>&#160;&#160;&#160;&#160;&#160;&#160;&#160;&#160;50\u20ac pour une carte avec 3 activit\u00e9s \n<br>&#160;&#160;&#160;&#160;&#160;&#160;&#160;&#160;<i>+frais de d\u00e9placement si l'intervention se fait \u00e0 domicile <\/i>\n<br>\n<br><\/div>\n\t\t\t\t\t<\/div>\n<\/div>\n<\/div><\/div><\/div><div id=\"pgc-3788-4-2\"  class=\"panel-grid-cell panel-grid-cell-empty\" ><\/div><div id=\"pgc-3788-4-3\"  class=\"panel-grid-cell panel-grid-cell-mobile-last\" ><div id=\"panel-3788-4-3-0\" class=\"so-panel widget widget_themegrill_flash_image tg-widget tg-image-widget panel-first-child panel-last-child\" data-index=\"8\" >\t<a href=\"https:\/\/energiesharmony.com\/index.php\/agenda-ateliers\/\"><img src=\"https:\/\/energiesharmony.com\/wp-content\/uploads\/2022\/02\/Prochaines-dates-orange.png\" \/><\/a>\n<\/div><\/div><div id=\"pgc-3788-4-4\"  class=\"panel-grid-cell panel-grid-cell-empty\" ><\/div><\/div><div id=\"pg-3788-5\"  class=\"panel-grid panel-no-style\" ><div id=\"pgc-3788-5-0\"  class=\"panel-grid-cell panel-grid-cell-empty\" ><\/div><div id=\"pgc-3788-5-1\"  class=\"panel-grid-cell panel-grid-cell-mobile-last\" ><div id=\"panel-3788-5-1-0\" class=\"so-panel widget widget_themegrill_flash_image tg-widget tg-image-widget panel-first-child panel-last-child\" data-index=\"9\" >\t<img src=\"https:\/\/energiesharmony.com\/wp-content\/uploads\/2022\/02\/Home_page_de\u0301tente_se\u0301re\u0301nite\u0301.png\" \/>\n<\/div><\/div><div id=\"pgc-3788-5-2\"  class=\"panel-grid-cell panel-grid-cell-empty\" ><\/div><\/div><div id=\"pg-3788-6\"  class=\"panel-grid panel-no-style\" ><div id=\"pgc-3788-6-0\"  class=\"panel-grid-cell\" ><div id=\"panel-3788-6-0-0\" class=\"so-panel widget widget_themegrill_flash_image tg-widget tg-image-widget panel-first-child panel-last-child\" data-index=\"10\" >\t<img src=\"https:\/\/energiesharmony.com\/wp-content\/uploads\/2022\/03\/tambour-foret.jpg\" \/>\n<\/div><\/div><div id=\"pgc-3788-6-1\"  class=\"panel-grid-cell\" ><div id=\"panel-3788-6-1-0\" class=\"so-panel widget widget_themegrill_flash_service tg-widget tg-single-service panel-first-child panel-last-child\" data-index=\"11\" >\n<div class=\"tg-service-widget tg-service-layout-1\">\n\t<div class=\"service-wrapper\">\n\t\t<div class=\"service-icon-title-wrapper clearfix\">\n\t\t\t\t\t\t\t\t\t\t\t<\/div>\n\t\t\t\t<div class=\"service-content-wrap\">Vivre cette exp\u00e9rience dans la yourte amplifie les vibrations et nous donne une r\u00e9elle impression d'\u00eatre envelopp\u00e9 par le son du tambour. \n<br><br>Aux beaux jours je vous propose de profiter en nature au mont noir ou Mont Des Cats \n<br><br>A chaque sortie, un th\u00e8me diff\u00e9rent\u2026\n\n<\/div>\n\t\t\t\t\t<\/div>\n<\/div>\n<\/div><\/div><\/div><div id=\"pg-3788-7\"  class=\"panel-grid panel-no-style\" ><div id=\"pgc-3788-7-0\"  class=\"panel-grid-cell panel-grid-cell-empty\" ><\/div><div id=\"pgc-3788-7-1\"  class=\"panel-grid-cell panel-grid-cell-mobile-last\" ><div id=\"panel-3788-7-1-0\" class=\"so-panel widget widget_themegrill_flash_heading tg-widget section-title-wrapper panel-first-child panel-last-child\" data-index=\"12\" >\t<h3 class=\"section-title\">Images et t\u00e9moignages<\/h3>\n<\/div><\/div><div id=\"pgc-3788-7-2\"  class=\"panel-grid-cell panel-grid-cell-empty\" ><\/div><\/div><div id=\"pg-3788-8\"  class=\"panel-grid panel-has-style\" ><div class=\"panel-row-style panel-row-style-for-3788-8\" ><div id=\"pgc-3788-8-0\"  class=\"panel-grid-cell\" ><div id=\"panel-3788-8-0-0\" class=\"so-panel widget widget_siteorigin-panels-builder panel-first-child panel-last-child\" data-index=\"13\" ><div id=\"pl-w62332a1809ddf\"  class=\"panel-layout\" ><div id=\"pg-w62332a1809ddf-0\"  class=\"panel-grid panel-no-style\" ><div id=\"pgc-w62332a1809ddf-0-0\"  class=\"panel-grid-cell\" ><div id=\"panel-w62332a1809ddf-0-0-0\" class=\"so-panel widget widget_themegrill_flash_image tg-widget tg-image-widget panel-first-child panel-last-child\" data-index=\"0\" ><div class=\"panel-widget-style panel-widget-style-for-w62332a1809ddf-0-0-0\" >\t<img src=\"https:\/\/energiesharmony.com\/wp-content\/uploads\/2022\/03\/240_F_192594353_a9GJ9Gg8hI8QSSwZ7fuMrFgNwA7IRF2r.jpg\" \/>\n<\/div><\/div><\/div><div id=\"pgc-w62332a1809ddf-0-1\"  class=\"panel-grid-cell\" ><div id=\"panel-w62332a1809ddf-0-1-0\" class=\"so-panel widget widget_themegrill_flash_service tg-widget tg-single-service panel-first-child panel-last-child\" data-index=\"1\" ><div class=\"panel-widget-style panel-widget-style-for-w62332a1809ddf-0-1-0\" >\n<div class=\"tg-service-widget tg-service-layout-1\">\n\t<div class=\"service-wrapper\">\n\t\t<div class=\"service-icon-title-wrapper clearfix\">\n\t\t\t\t\t\t\t\t\t\t\t<\/div>\n\t\t\t\t<div class=\"service-content-wrap\">Une s\u00e9ance meditation au tambour en plaine nature au milieu des arbres...une 1ere et l'envie d'en vivre d'autres... un \u00e9norme merci pour ce moment de reconnexion \u00e0 soi et \u00e0 la nature... un pur bonheur...et un 1er contact avec Gaelle qui d\u00e9gage tellement de belles ondes.. aa tr\u00e8s bient\u00f4t Gaelle...! \n<br> L.P : 2021<\/div>\n\t\t\t\t\t<\/div>\n<\/div>\n<\/div><\/div><\/div><\/div><\/div><\/div><\/div><div id=\"pgc-3788-8-1\"  class=\"panel-grid-cell\" ><div id=\"panel-3788-8-1-0\" class=\"so-panel widget widget_siteorigin-panels-builder panel-first-child panel-last-child\" data-index=\"14\" ><div id=\"pl-w624454a52bde3\"  class=\"panel-layout\" ><div id=\"pg-w624454a52bde3-0\"  class=\"panel-grid panel-no-style\" ><div id=\"pgc-w624454a52bde3-0-0\"  class=\"panel-grid-cell\" ><div id=\"panel-w624454a52bde3-0-0-0\" class=\"so-panel widget widget_themegrill_flash_image tg-widget tg-image-widget panel-first-child panel-last-child\" data-index=\"0\" >\t<img src=\"https:\/\/energiesharmony.com\/wp-content\/uploads\/2022\/03\/nature_me\u0301ditation_groupe-scaled.jpg\" \/>\n<\/div><\/div><div id=\"pgc-w624454a52bde3-0-1\"  class=\"panel-grid-cell\" ><div id=\"panel-w624454a52bde3-0-1-0\" class=\"so-panel widget widget_themegrill_flash_image tg-widget tg-image-widget panel-first-child panel-last-child\" data-index=\"1\" >\t<img src=\"https:\/\/energiesharmony.com\/wp-content\/uploads\/2022\/03\/harmonisation-du-chakra-sacre\u0301-gaelle-Terrier-energies-harmony-scaled.jpg\" \/>\n<\/div><\/div><\/div><\/div><\/div><\/div><\/div><\/div><div id=\"pg-3788-9\"  class=\"panel-grid panel-no-style\" ><div id=\"pgc-3788-9-0\"  class=\"panel-grid-cell panel-grid-cell-empty\" ><\/div><div id=\"pgc-3788-9-1\"  class=\"panel-grid-cell panel-grid-cell-mobile-last\" ><div id=\"panel-3788-9-1-0\" class=\"so-panel widget widget_themegrill_flash_image tg-widget tg-image-widget panel-first-child panel-last-child\" data-index=\"15\" >\t<img src=\"https:\/\/energiesharmony.com\/wp-content\/uploads\/2022\/02\/Home_page_de\u0301tente_se\u0301re\u0301nite\u0301.png\" \/>\n<\/div><\/div><div id=\"pgc-3788-9-2\"  class=\"panel-grid-cell panel-grid-cell-empty\" ><\/div><\/div><\/div>","protected":false},"excerpt":{"rendered":"<p>Reliance &amp; Tambour Laisser partir l&#039;ancien, accueillir le nouveau \u00e0 l&#039;aide des 4 \u00e9l\u00e9ments, se laisser porter et emmener en [&hellip;]<\/p>\n","protected":false},"author":1,"featured_media":0,"parent":0,"menu_order":0,"comment_status":"closed","ping_status":"closed","template":"page-templates\/pagebuilder.php","meta":{"_mi_skip_tracking":false},"yoast_head":"<!-- This site is optimized with the Yoast SEO plugin v19.11 - https:\/\/yoast.com\/wordpress\/plugins\/seo\/ -->\n<title>Reliance &amp; tambour - Energies&#039;Harmony<\/title>\n<meta name=\"robots\" content=\"index, follow, max-snippet:-1, max-image-preview:large, max-video-preview:-1\" \/>\n<link rel=\"canonical\" href=\"https:\/\/energiesharmony.com\/index.php\/reliance-tambour\/\" \/>\n<meta property=\"og:locale\" content=\"fr_FR\" \/>\n<meta property=\"og:type\" content=\"article\" \/>\n<meta property=\"og:title\" content=\"Reliance &amp; tambour - Energies&#039;Harmony\" \/>\n<meta property=\"og:description\" content=\"Reliance &amp; Tambour Laisser partir l&#039;ancien, accueillir le nouveau \u00e0 l&#039;aide des 4 \u00e9l\u00e9ments, se laisser porter et emmener en [&hellip;]\" \/>\n<meta property=\"og:url\" content=\"https:\/\/energiesharmony.com\/index.php\/reliance-tambour\/\" \/>\n<meta property=\"og:site_name\" content=\"Energies&#039;Harmony\" \/>\n<meta property=\"article:modified_time\" content=\"2022-03-31T10:29:34+00:00\" \/>\n<meta name=\"twitter:card\" content=\"summary_large_image\" \/>\n<meta name=\"twitter:label1\" content=\"Dur\u00e9e de lecture estim\u00e9e\" \/>\n\t<meta name=\"twitter:data1\" content=\"1 minute\" \/>\n<script type=\"application\/ld+json\" class=\"yoast-schema-graph\">{\"@context\":\"https:\/\/schema.org\",\"@graph\":[{\"@type\":\"WebPage\",\"@id\":\"https:\/\/energiesharmony.com\/index.php\/reliance-tambour\/\",\"url\":\"https:\/\/energiesharmony.com\/index.php\/reliance-tambour\/\",\"name\":\"Reliance & tambour - Energies&#039;Harmony\",\"isPartOf\":{\"@id\":\"https:\/\/energiesharmony.com\/#website\"},\"datePublished\":\"2022-03-02T12:06:15+00:00\",\"dateModified\":\"2022-03-31T10:29:34+00:00\",\"breadcrumb\":{\"@id\":\"https:\/\/energiesharmony.com\/index.php\/reliance-tambour\/#breadcrumb\"},\"inLanguage\":\"fr-FR\",\"potentialAction\":[{\"@type\":\"ReadAction\",\"target\":[\"https:\/\/energiesharmony.com\/index.php\/reliance-tambour\/\"]}]},{\"@type\":\"BreadcrumbList\",\"@id\":\"https:\/\/energiesharmony.com\/index.php\/reliance-tambour\/#breadcrumb\",\"itemListElement\":[{\"@type\":\"ListItem\",\"position\":1,\"name\":\"Accueil\",\"item\":\"https:\/\/energiesharmony.com\/\"},{\"@type\":\"ListItem\",\"position\":2,\"name\":\"Reliance &#038; tambour\"}]},{\"@type\":\"WebSite\",\"@id\":\"https:\/\/energiesharmony.com\/#website\",\"url\":\"https:\/\/energiesharmony.com\/\",\"name\":\"Energies&#039;Harmony\",\"description\":\"Relaxation, \u00e9nergie et mieux-\u00eatre pour tous\",\"publisher\":{\"@id\":\"https:\/\/energiesharmony.com\/#organization\"},\"potentialAction\":[{\"@type\":\"SearchAction\",\"target\":{\"@type\":\"EntryPoint\",\"urlTemplate\":\"https:\/\/energiesharmony.com\/?s={search_term_string}\"},\"query-input\":\"required name=search_term_string\"}],\"inLanguage\":\"fr-FR\"},{\"@type\":\"Organization\",\"@id\":\"https:\/\/energiesharmony.com\/#organization\",\"name\":\"Energies&#039;Harmony\",\"url\":\"https:\/\/energiesharmony.com\/\",\"logo\":{\"@type\":\"ImageObject\",\"inLanguage\":\"fr-FR\",\"@id\":\"https:\/\/energiesharmony.com\/#\/schema\/logo\/image\/\",\"url\":\"https:\/\/energiesharmony.com\/wp-content\/uploads\/2019\/04\/cropped-cropped-RECTIFICATIF-centre-titre-orange-normal-Energies-harmonie-main-fleur-abaisses-trait-degrade-182-pixel-pouce-612x11-cm-ecriture-normal.png\",\"contentUrl\":\"https:\/\/energiesharmony.com\/wp-content\/uploads\/2019\/04\/cropped-cropped-RECTIFICATIF-centre-titre-orange-normal-Energies-harmonie-main-fleur-abaisses-trait-degrade-182-pixel-pouce-612x11-cm-ecriture-normal.png\",\"width\":518,\"height\":79,\"caption\":\"Energies&#039;Harmony\"},\"image\":{\"@id\":\"https:\/\/energiesharmony.com\/#\/schema\/logo\/image\/\"}}]}<\/script>\n<!-- \/ Yoast SEO plugin. -->","yoast_head_json":{"title":"Reliance & tambour - Energies&#039;Harmony","robots":{"index":"index","follow":"follow","max-snippet":"max-snippet:-1","max-image-preview":"max-image-preview:large","max-video-preview":"max-video-preview:-1"},"canonical":"https:\/\/energiesharmony.com\/index.php\/reliance-tambour\/","og_locale":"fr_FR","og_type":"article","og_title":"Reliance & tambour - Energies&#039;Harmony","og_description":"Reliance &amp; Tambour Laisser partir l&#039;ancien, accueillir le nouveau \u00e0 l&#039;aide des 4 \u00e9l\u00e9ments, se laisser porter et emmener en [&hellip;]","og_url":"https:\/\/energiesharmony.com\/index.php\/reliance-tambour\/","og_site_name":"Energies&#039;Harmony","article_modified_time":"2022-03-31T10:29:34+00:00","twitter_card":"summary_large_image","twitter_misc":{"Dur\u00e9e de lecture estim\u00e9e":"1 minute"},"schema":{"@context":"https:\/\/schema.org","@graph":[{"@type":"WebPage","@id":"https:\/\/energiesharmony.com\/index.php\/reliance-tambour\/","url":"https:\/\/energiesharmony.com\/index.php\/reliance-tambour\/","name":"Reliance & tambour - Energies&#039;Harmony","isPartOf":{"@id":"https:\/\/energiesharmony.com\/#website"},"datePublished":"2022-03-02T12:06:15+00:00","dateModified":"2022-03-31T10:29:34+00:00","breadcrumb":{"@id":"https:\/\/energiesharmony.com\/index.php\/reliance-tambour\/#breadcrumb"},"inLanguage":"fr-FR","potentialAction":[{"@type":"ReadAction","target":["https:\/\/energiesharmony.com\/index.php\/reliance-tambour\/"]}]},{"@type":"BreadcrumbList","@id":"https:\/\/energiesharmony.com\/index.php\/reliance-tambour\/#breadcrumb","itemListElement":[{"@type":"ListItem","position":1,"name":"Accueil","item":"https:\/\/energiesharmony.com\/"},{"@type":"ListItem","position":2,"name":"Reliance &#038; tambour"}]},{"@type":"WebSite","@id":"https:\/\/energiesharmony.com\/#website","url":"https:\/\/energiesharmony.com\/","name":"Energies&#039;Harmony","description":"Relaxation, \u00e9nergie et mieux-\u00eatre pour tous","publisher":{"@id":"https:\/\/energiesharmony.com\/#organization"},"potentialAction":[{"@type":"SearchAction","target":{"@type":"EntryPoint","urlTemplate":"https:\/\/energiesharmony.com\/?s={search_term_string}"},"query-input":"required name=search_term_string"}],"inLanguage":"fr-FR"},{"@type":"Organization","@id":"https:\/\/energiesharmony.com\/#organization","name":"Energies&#039;Harmony","url":"https:\/\/energiesharmony.com\/","logo":{"@type":"ImageObject","inLanguage":"fr-FR","@id":"https:\/\/energiesharmony.com\/#\/schema\/logo\/image\/","url":"https:\/\/energiesharmony.com\/wp-content\/uploads\/2019\/04\/cropped-cropped-RECTIFICATIF-centre-titre-orange-normal-Energies-harmonie-main-fleur-abaisses-trait-degrade-182-pixel-pouce-612x11-cm-ecriture-normal.png","contentUrl":"https:\/\/energiesharmony.com\/wp-content\/uploads\/2019\/04\/cropped-cropped-RECTIFICATIF-centre-titre-orange-normal-Energies-harmonie-main-fleur-abaisses-trait-degrade-182-pixel-pouce-612x11-cm-ecriture-normal.png","width":518,"height":79,"caption":"Energies&#039;Harmony"},"image":{"@id":"https:\/\/energiesharmony.com\/#\/schema\/logo\/image\/"}}]}},"_links":{"self":[{"href":"https:\/\/energiesharmony.com\/index.php\/wp-json\/wp\/v2\/pages\/3788"}],"collection":[{"href":"https:\/\/energiesharmony.com\/index.php\/wp-json\/wp\/v2\/pages"}],"about":[{"href":"https:\/\/energiesharmony.com\/index.php\/wp-json\/wp\/v2\/types\/page"}],"author":[{"embeddable":true,"href":"https:\/\/energiesharmony.com\/index.php\/wp-json\/wp\/v2\/users\/1"}],"replies":[{"embeddable":true,"href":"https:\/\/energiesharmony.com\/index.php\/wp-json\/wp\/v2\/comments?post=3788"}],"version-history":[{"count":153,"href":"https:\/\/energiesharmony.com\/index.php\/wp-json\/wp\/v2\/pages\/3788\/revisions"}],"predecessor-version":[{"id":6350,"href":"https:\/\/energiesharmony.com\/index.php\/wp-json\/wp\/v2\/pages\/3788\/revisions\/6350"}],"wp:attachment":[{"href":"https:\/\/energiesharmony.com\/index.php\/wp-json\/wp\/v2\/media?parent=3788"}],"curies":[{"name":"wp","href":"https:\/\/api.w.org\/{rel}","templated":true}]}}